{"id":971,"date":"2019-10-13T21:18:03","date_gmt":"2019-10-13T21:18:03","guid":{"rendered":"https:\/\/elisabethabelshausen.hagstone.online\/?page_id=971"},"modified":"2019-10-24T07:31:31","modified_gmt":"2019-10-24T07:31:31","slug":"ur","status":"publish","type":"page","link":"https:\/\/elisabethabelshausen.hagstone.online\/index.php\/ur\/","title":{"rendered":"Ur"},"content":{"rendered":"<section class=\"fw-main-row \">\n<div class=\"fw-container\">\n<div class=\"fw-row\">\n<div class=\"fw-col-xs-12\">\n<div class=\"fw-divider-space\" style=\"padding-top: 20px;\"><\/div>\n<\/div>\n<\/div>\n<div class=\"fw-row\">\n<div class=\"fw-col-xs-12\">\n<div class=\"fw-heading fw-heading-h2 fw-heading-center\">\n<h2 class=\"fw-special-title\" style=\"text-align: center;\">Ur<\/h2>\n<\/div>\n<\/div>\n<\/div>\n<div class=\"fw-row\">\n<div class=\"fw-col-xs-12\">\n<div class=\"fw-divider-space\" style=\"padding-top: 20px;\"><\/div>\n<\/div>\n<\/div>\n<div class=\"fw-row\">\n<div class=\"fw-col-xs-12 fw-col-sm-4\">\n<div class=\"fw-divider-space\" style=\"padding-top: 20px;\"><\/div>\n<p>De granul\u00e9techniek werd voor het eerst toegepast door de goudsmeden in Mesopotami\u00eb. In de archeologische vindplaats Ur werden juwelen in\u00a0 granul\u00e9 opgegraven van 4500 jaar oud.<\/p>\n<p>Dit zijn experimenteel-archeologische juwelen van smeedwerk en granul\u00e9. De granul\u00e9s zijn van puur goud en zijn op dezelfde manier vervaardigd en aangebracht als in de Oudheid.<\/p>\n<\/div>\n<div class=\"fw-col-xs-12 fw-col-sm-8\"><img decoding=\"async\" loading=\"lazy\" src=\"https:\/\/elisabethabelshausen.hagstone.online\/wp-content\/uploads\/2019\/10\/Ur-1-800x400.jpg\" alt=\"https:\/\/elisabethabelshausen.hagstone.online\/wp-content\/uploads\/2019\/10\/Ur-1-800x400.jpg\" width=\"800\" height=\"400\" \/><\/div>\n<\/div>\n<div class=\"fw-row\">\n<div class=\"fw-col-xs-12\">\n<div class=\"fw-divider-space\" style=\"padding-top: 50px;\"><\/div>\n<\/div>\n<\/div>\n<div class=\"fw-row\">\n<div class=\"fw-col-xs-12 fw-col-sm-4\" style=\"text-align: center;\"><img decoding=\"async\" loading=\"lazy\" src=\"https:\/\/elisabethabelshausen.hagstone.online\/wp-content\/uploads\/2019\/10\/Ur-2-400x400.jpg\" alt=\"https:\/\/elisabethabelshausen.hagstone.online\/wp-content\/uploads\/2019\/10\/Ur-2-400x400.jpg\" width=\"400\" height=\"400\" \/><\/div>\n<div class=\"fw-col-xs-12 fw-col-sm-4\">\n<div class=\"fw-divider-space\" style=\"padding-top: 20px; text-align: center;\"><\/div>\n<div class=\"fw-heading fw-heading-h4 fw-heading-center\">\n<h4 class=\"fw-special-title\" style=\"text-align: center;\">UR I<\/h4>\n<\/div>\n<p style=\"text-align: center;\">Zilver en goud 999<\/p>\n<p style=\"text-align: center;\">Gesmeed, granul\u00e9<\/p>\n<p style=\"text-align: center;\">Uniek stuk 1\/1<\/p>\n<p style=\"text-align: center;\">D medaillon 22mm<\/p>\n<p style=\"text-align: center;\">L ketting 42cm<\/p>\n<p style=\"text-align: center;\">\u20ac 275<\/p>\n<\/div>\n<div class=\"fw-col-xs-12 fw-col-sm-4\"><img decoding=\"async\" loading=\"lazy\" src=\"https:\/\/elisabethabelshausen.hagstone.online\/wp-content\/uploads\/2019\/10\/Ur-3-400x400.jpg\" alt=\"https:\/\/elisabethabelshausen.hagstone.online\/wp-content\/uploads\/2019\/10\/Ur-3-400x400.jpg\" width=\"400\" height=\"400\" \/><\/div>\n<\/div>\n<div class=\"fw-row\">\n<div class=\"fw-col-xs-12\">\n<div class=\"fw-divider-space\" style=\"padding-top: 50px;\"><\/div>\n<\/div>\n<\/div>\n<div class=\"fw-row\">\n<div class=\"fw-col-xs-12 fw-col-sm-4\"><img decoding=\"async\" loading=\"lazy\" src=\"https:\/\/elisabethabelshausen.hagstone.online\/wp-content\/uploads\/2019\/10\/Ur-4-400x400.jpg\" alt=\"https:\/\/elisabethabelshausen.hagstone.online\/wp-content\/uploads\/2019\/10\/Ur-4-400x400.jpg\" width=\"400\" height=\"400\" \/><\/div>\n<div class=\"fw-col-xs-12 fw-col-sm-4\"><img decoding=\"async\" loading=\"lazy\" src=\"https:\/\/elisabethabelshausen.hagstone.online\/wp-content\/uploads\/2019\/10\/Ur-5-400x400.jpg\" alt=\"https:\/\/elisabethabelshausen.hagstone.online\/wp-content\/uploads\/2019\/10\/Ur-5-400x400.jpg\" width=\"400\" height=\"400\" \/><\/div>\n<div class=\"fw-col-xs-12 fw-col-sm-4\">\n<div class=\"fw-divider-space\" style=\"padding-top: 20px;\"><\/div>\n<div class=\"fw-heading fw-heading-h4 \">\n<h4 class=\"fw-special-title\">UR II<\/h4>\n<\/div>\n<p>Zilver en goud 999<\/p>\n<p>Gesmeed, granul\u00e9<\/p>\n<p>Uniek stuk 1\/1<\/p>\n<p>D 12mm<\/p>\n<p>\u20ac 275<\/p>\n<\/div>\n<\/div>\n<div class=\"fw-row\">\n<div class=\"fw-col-xs-12\">\n<div class=\"fw-divider-space\" style=\"padding-top: 50px;\"><\/div>\n<\/div>\n<\/div>\n<div class=\"fw-row\">\n<div class=\"fw-col-xs-12 fw-col-sm-4\">\n<div class=\"fw-heading fw-heading-h4 \">\n<h4 class=\"fw-special-title\" style=\"text-align: right;\">UR III<\/h4>\n<\/div>\n<p style=\"text-align: right;\">Zilver en goud 999<\/p>\n<p style=\"text-align: right;\">Gesmeed, granul\u00e9<\/p>\n<p style=\"text-align: right;\">Unieke stukken 1\/1<\/p>\n<p style=\"text-align: right;\">Maat 55, Hoogte 11mm<\/p>\n<p style=\"text-align: right;\">\u20ac 355<\/p>\n<p style=\"text-align: right;\">Maat 55, hoogte 9mm<\/p>\n<p style=\"text-align: right;\">\u20ac 335<\/p>\n<\/div>\n<div class=\"fw-col-xs-12 fw-col-sm-4\"><img decoding=\"async\" loading=\"lazy\" src=\"https:\/\/elisabethabelshausen.hagstone.online\/wp-content\/uploads\/2019\/10\/Ur-6-400x400.jpg\" alt=\"https:\/\/elisabethabelshausen.hagstone.online\/wp-content\/uploads\/2019\/10\/Ur-6-400x400.jpg\" width=\"400\" height=\"400\" \/><\/div>\n<div class=\"fw-col-xs-12 fw-col-sm-4\"><img decoding=\"async\" loading=\"lazy\" src=\"https:\/\/elisabethabelshausen.hagstone.online\/wp-content\/uploads\/2019\/10\/Ur-7-400x400.jpg\" alt=\"https:\/\/elisabethabelshausen.hagstone.online\/wp-content\/uploads\/2019\/10\/Ur-7-400x400.jpg\" width=\"400\" height=\"400\" \/><\/div>\n<\/div>\n<div class=\"fw-row\">\n<div class=\"fw-col-xs-12\">\n<div class=\"fw-divider-space\" style=\"padding-top: 50px;\"><\/div>\n<\/div>\n<\/div>\n<\/div>\n<\/section>\n<p><!-- 21119e204ed32636428871b60de49c11 --><\/p>\n","protected":false},"excerpt":{"rendered":"<p>Ur De granul\u00e9techniek werd voor het eerst toegepast door de goudsmeden in Mesopotami\u00eb. In de archeologische vindplaats Ur werden juwelen in\u00a0 granul\u00e9 opgegraven van 4500 jaar oud. Dit zijn experimenteel-archeologische juwelen van smeedwerk en granul\u00e9. De granul\u00e9s zijn van puur goud en zijn op dezelfde manier vervaardigd en aangebracht als in de Oudheid. UR I<a class=\"read-btn hvr-right more-link\" href=\"https:\/\/elisabethabelshausen.hagstone.online\/index.php\/ur\/\">Read More<\/a><\/p>\n","protected":false},"author":3,"featured_media":0,"parent":0,"menu_order":0,"comment_status":"closed","ping_status":"closed","template":"","meta":[],"_links":{"self":[{"href":"https:\/\/elisabethabelshausen.hagstone.online\/index.php\/wp-json\/wp\/v2\/pages\/971"}],"collection":[{"href":"https:\/\/elisabethabelshausen.hagstone.online\/index.php\/wp-json\/wp\/v2\/pages"}],"about":[{"href":"https:\/\/elisabethabelshausen.hagstone.online\/index.php\/wp-json\/wp\/v2\/types\/page"}],"author":[{"embeddable":true,"href":"https:\/\/elisabethabelshausen.hagstone.online\/index.php\/wp-json\/wp\/v2\/users\/3"}],"replies":[{"embeddable":true,"href":"https:\/\/elisabethabelshausen.hagstone.online\/index.php\/wp-json\/wp\/v2\/comments?post=971"}],"version-history":[{"count":23,"href":"https:\/\/elisabethabelshausen.hagstone.online\/index.php\/wp-json\/wp\/v2\/pages\/971\/revisions"}],"predecessor-version":[{"id":1381,"href":"https:\/\/elisabethabelshausen.hagstone.online\/index.php\/wp-json\/wp\/v2\/pages\/971\/revisions\/1381"}],"wp:attachment":[{"href":"https:\/\/elisabethabelshausen.hagstone.online\/index.php\/wp-json\/wp\/v2\/media?parent=971"}],"curies":[{"name":"wp","href":"https:\/\/api.w.org\/{rel}","templated":true}]}}